{"id":47,"date":"2014-11-17T18:24:50","date_gmt":"2014-11-17T17:24:50","guid":{"rendered":"http:\/\/www.sulhofspedition.cz\/index2.php\/?page_id=47"},"modified":"2014-12-22T03:35:25","modified_gmt":"2014-12-22T02:35:25","slug":"uber-uns","status":"publish","type":"page","link":"https:\/\/www.sulhofspedition.cz\/","title":{"rendered":"\u00dcber uns"},"content":{"rendered":"<p>Die Firma \u0160ULHOF SPEDITION s.r.o. betreibt G\u00fctertransport und Personenbef\u00f6rderung und bietet Speditionsdienste an. Sie entstand 2013 durch die Transformation aus einer nat\u00fcrlichen Person in eine juristische Person. Diese Ma\u00dfnahme war ein logischer Schritt, um die Firma weiter nach vorne zu bringen.<\/p>\n<p>Dank ihrer geografischen Lage und ihrer \u00fcberaus guten Beziehungen zu den deutschen Partnern erlebt die Gesellschaft jedes Jahr aufs Neue eine nie dagewesene Aufw\u00e4rtsentwicklung.<\/p>\n<p>Es ist uns gelungen, diese Aufw\u00e4rtsentwicklung, die sich einer absoluten Zuverl\u00e4ssigkeit und Flexibilit\u00e4t verdankt, schon eine ganze Reihe von Jahren auf einem sehr hohen Niveau zu halten, wobei wir unentwegt daran arbeiten, die unseren Kunden angebotenen Dienstleistungen noch weiter zu verbessern. Dar\u00fcber hinaus legen wir auch gro\u00dfen Wert auf eine regelm\u00e4\u00dfige Kommunikation mit den Kunden.<\/p>\n<p>Unsere Gesellschaft\u00a0 ist spezialisiert auf den <strong>Transport innerhalb der EU<\/strong>, in der Hauptsache bef\u00f6rdern wir G\u00fcter nach Deutschland. Wir verf\u00fcgen \u00fcber Planenanh\u00e4nger, und zwar sowohl in der Standardversion (Innenh\u00f6he 2,75 m) als auch in der Low-Deck-Version (Innenh\u00f6he 3 m). Diese Anh\u00e4nger sind an Zugmaschinen gekoppelt, die auch die strengsten \u00f6kologischen und Emissionslimits erf\u00fcllen. (Euro 5 EEV). Alle Fahrzeuge befinden sich in einem perfekten technischen Zustand mit hohen Anspr\u00fcchen an die Sicherheit der durchzuf\u00fchrenden Transporte.<\/p>\n<p>In unseren Reihen arbeiten nur zuverl\u00e4ssige und \u00fcberpr\u00fcfte unbescholtene Mitarbeiter.<\/p>\n<p>Die Schnelligkeit und Zuverl\u00e4ssigkeit unserer Dienstleistungen genie\u00dfen bei uns h\u00f6chste Priorit\u00e4t. Eine \u00fcberaus wichtige Selbstverst\u00e4ndlichkeit ist f\u00fcr uns die Versicherung von Fracht und Eigentum des Kunden!<\/p>\n","protected":false},"excerpt":{"rendered":"<p>Die Firma \u0160ULHOF SPEDITION s.r.o. betreibt G\u00fctertransport und Personenbef\u00f6rderung und bietet Speditionsdienste an. Sie entstand 2013 durch die Transformation aus einer nat\u00fcrlichen Person in eine juristische Person. Diese Ma\u00dfnahme war ein logischer Schritt, um die Firma weiter nach vorne zu bringen. Dank ihrer geografischen Lage und ihrer \u00fcberaus guten Beziehungen zu den deutschen Partnern erlebt [&hellip;]<\/p>\n","protected":false},"author":1,"featured_media":0,"parent":0,"menu_order":0,"comment_status":"closed","ping_status":"closed","template":"","meta":{"_locale":"de_DE","_original_post":"5","footnotes":""},"class_list":["post-47","page","type-page","status-publish","hentry","de-DE"],"_links":{"self":[{"href":"https:\/\/www.sulhofspedition.cz\/wp-json\/wp\/v2\/pages\/47","targetHints":{"allow":["GET"]}}],"collection":[{"href":"https:\/\/www.sulhofspedition.cz\/wp-json\/wp\/v2\/pages"}],"about":[{"href":"https:\/\/www.sulhofspedition.cz\/wp-json\/wp\/v2\/types\/page"}],"author":[{"embeddable":true,"href":"https:\/\/www.sulhofspedition.cz\/wp-json\/wp\/v2\/users\/1"}],"replies":[{"embeddable":true,"href":"https:\/\/www.sulhofspedition.cz\/wp-json\/wp\/v2\/comments?post=47"}],"version-history":[{"count":0,"href":"https:\/\/www.sulhofspedition.cz\/wp-json\/wp\/v2\/pages\/47\/revisions"}],"wp:attachment":[{"href":"https:\/\/www.sulhofspedition.cz\/wp-json\/wp\/v2\/media?parent=47"}],"curies":[{"name":"wp","href":"https:\/\/api.w.org\/{rel}","templated":true}]}}