{"id":52,"date":"2014-11-17T18:25:23","date_gmt":"2014-11-17T17:25:23","guid":{"rendered":"http:\/\/www.sulhofspedition.cz\/index2.php\/?page_id=52"},"modified":"2014-12-22T03:37:21","modified_gmt":"2014-12-22T02:37:21","slug":"angebot","status":"publish","type":"page","link":"https:\/\/www.sulhofspedition.cz\/de\/angebot\/","title":{"rendered":"Angebot"},"content":{"rendered":"<ul>\n<li>Internationale und innerstaatliche Bef\u00f6rderung von Ganzwagensendungen<\/li>\n<li>Internationale und innerstaatliche Bef\u00f6rderung von St\u00fcckgutsendungen<\/li>\n<li>Speditionsdienste<\/li>\n<li>Frachtdienste<\/li>\n<\/ul>\n","protected":false},"excerpt":{"rendered":"<p>Internationale und innerstaatliche Bef\u00f6rderung von Ganzwagensendungen Internationale und innerstaatliche Bef\u00f6rderung von St\u00fcckgutsendungen Speditionsdienste Frachtdienste<\/p>\n","protected":false},"author":1,"featured_media":0,"parent":0,"menu_order":0,"comment_status":"closed","ping_status":"closed","template":"","meta":{"_locale":"de_DE","_original_post":"7","footnotes":""},"class_list":["post-52","page","type-page","status-publish","hentry","de-DE"],"_links":{"self":[{"href":"https:\/\/www.sulhofspedition.cz\/wp-json\/wp\/v2\/pages\/52","targetHints":{"allow":["GET"]}}],"collection":[{"href":"https:\/\/www.sulhofspedition.cz\/wp-json\/wp\/v2\/pages"}],"about":[{"href":"https:\/\/www.sulhofspedition.cz\/wp-json\/wp\/v2\/types\/page"}],"author":[{"embeddable":true,"href":"https:\/\/www.sulhofspedition.cz\/wp-json\/wp\/v2\/users\/1"}],"replies":[{"embeddable":true,"href":"https:\/\/www.sulhofspedition.cz\/wp-json\/wp\/v2\/comments?post=52"}],"version-history":[{"count":0,"href":"https:\/\/www.sulhofspedition.cz\/wp-json\/wp\/v2\/pages\/52\/revisions"}],"wp:attachment":[{"href":"https:\/\/www.sulhofspedition.cz\/wp-json\/wp\/v2\/media?parent=52"}],"curies":[{"name":"wp","href":"https:\/\/api.w.org\/{rel}","templated":true}]}}